{"id":67,"date":"2025-09-06T12:27:37","date_gmt":"2025-09-06T12:27:37","guid":{"rendered":"http:\/\/www.gospel-dipjoy.fr\/?page_id=67"},"modified":"2025-09-06T12:27:37","modified_gmt":"2025-09-06T12:27:37","slug":"le-repertoire","status":"publish","type":"page","link":"http:\/\/www.gospel-dipjoy.fr\/?page_id=67","title":{"rendered":"Le r\u00e9pertoire"},"content":{"rendered":"\n<p>Nous agrandissons notre r\u00e9pertoire depuis 2012, vous pouvez le t\u00e9l\u00e9charger ici : <\/p>\n\n\n\n<div data-wp-interactive=\"core\/file\" class=\"wp-block-file\"><object data-wp-bind--hidden=\"!state.hasPdfPreview\" hidden class=\"wp-block-file__embed\" data=\"http:\/\/www.gospel-dipjoy.fr\/wp-content\/uploads\/2025\/09\/repertoireDIPJOY-1.pdf\" type=\"application\/pdf\" style=\"width:100%;height:600px\" aria-label=\"Contenu embarqu\u00e9 repertoireDIPJOY.\"><\/object><a id=\"wp-block-file--media-b79d46fd-9d30-48b9-92a8-2d7cfc1f0a1a\" href=\"http:\/\/www.gospel-dipjoy.fr\/wp-content\/uploads\/2025\/09\/repertoireDIPJOY-1.pdf\">repertoireDIPJOY<\/a><a href=\"http:\/\/www.gospel-dipjoy.fr\/wp-content\/uploads\/2025\/09\/repertoireDIPJOY-1.pdf\" class=\"wp-block-file__button wp-element-button\" download aria-describedby=\"wp-block-file--media-b79d46fd-9d30-48b9-92a8-2d7cfc1f0a1a\">T\u00e9l\u00e9charger<\/a><\/div>\n","protected":false},"excerpt":{"rendered":"<p>Nous agrandissons notre r\u00e9pertoire depuis 2012, vous pouvez le t\u00e9l\u00e9charger ici :<\/p>\n","protected":false},"author":1,"featured_media":0,"parent":0,"menu_order":0,"comment_status":"closed","ping_status":"closed","template":"","meta":{"saved_in_kubio":false,"footnotes":""},"class_list":["post-67","page","type-page","status-publish","hentry"],"kubio_ai_page_context":{"short_desc":"","purpose":"general"},"_links":{"self":[{"href":"http:\/\/www.gospel-dipjoy.fr\/index.php?rest_route=\/wp\/v2\/pages\/67","targetHints":{"allow":["GET"]}}],"collection":[{"href":"http:\/\/www.gospel-dipjoy.fr\/index.php?rest_route=\/wp\/v2\/pages"}],"about":[{"href":"http:\/\/www.gospel-dipjoy.fr\/index.php?rest_route=\/wp\/v2\/types\/page"}],"author":[{"embeddable":true,"href":"http:\/\/www.gospel-dipjoy.fr\/index.php?rest_route=\/wp\/v2\/users\/1"}],"replies":[{"embeddable":true,"href":"http:\/\/www.gospel-dipjoy.fr\/index.php?rest_route=%2Fwp%2Fv2%2Fcomments&post=67"}],"version-history":[{"count":1,"href":"http:\/\/www.gospel-dipjoy.fr\/index.php?rest_route=\/wp\/v2\/pages\/67\/revisions"}],"predecessor-version":[{"id":70,"href":"http:\/\/www.gospel-dipjoy.fr\/index.php?rest_route=\/wp\/v2\/pages\/67\/revisions\/70"}],"wp:attachment":[{"href":"http:\/\/www.gospel-dipjoy.fr\/index.php?rest_route=%2Fwp%2Fv2%2Fmedia&parent=67"}],"curies":[{"name":"wp","href":"https:\/\/api.w.org\/{rel}","templated":true}]}}