{"id":31,"date":"2025-08-12T16:00:55","date_gmt":"2025-08-12T16:00:55","guid":{"rendered":"http:\/\/www.gospel-dipjoy.fr\/?page_id=31"},"modified":"2025-09-06T12:00:36","modified_gmt":"2025-09-06T12:00:36","slug":"nos-prestations","status":"publish","type":"page","link":"http:\/\/www.gospel-dipjoy.fr\/?page_id=31","title":{"rendered":"Nos Prestations"},"content":{"rendered":"\n<figure class=\"wp-block-image size-large\"><img fetchpriority=\"high\" decoding=\"async\" width=\"1024\" height=\"683\" src=\"http:\/\/www.gospel-dipjoy.fr\/wp-content\/uploads\/2025\/09\/Anjali-Mark-Wedding-1-135-1-1024x683.jpg\" alt=\"\" class=\"wp-image-43\" srcset=\"http:\/\/www.gospel-dipjoy.fr\/wp-content\/uploads\/2025\/09\/Anjali-Mark-Wedding-1-135-1-1024x683.jpg 1024w, http:\/\/www.gospel-dipjoy.fr\/wp-content\/uploads\/2025\/09\/Anjali-Mark-Wedding-1-135-1-300x200.jpg 300w, http:\/\/www.gospel-dipjoy.fr\/wp-content\/uploads\/2025\/09\/Anjali-Mark-Wedding-1-135-1-768x512.jpg 768w, http:\/\/www.gospel-dipjoy.fr\/wp-content\/uploads\/2025\/09\/Anjali-Mark-Wedding-1-135-1-1536x1024.jpg 1536w, http:\/\/www.gospel-dipjoy.fr\/wp-content\/uploads\/2025\/09\/Anjali-Mark-Wedding-1-135-1-2048x1365.jpg 2048w, http:\/\/www.gospel-dipjoy.fr\/wp-content\/uploads\/2025\/09\/Anjali-Mark-Wedding-1-135-1-600x400.jpg 600w\" sizes=\"(max-width: 1024px) 100vw, 1024px\" \/><\/figure>\n\n\n\n<p class=\"has-text-align-center\"><strong>C\u00e9r\u00e9monie&nbsp;<\/strong><\/p>\n\n\n\n<p class=\"has-text-align-center\">2 chanteurs + pianiste : 900\u20ac <\/p>\n\n\n\n<p class=\"has-text-align-center\">3 chanteurs + pianiste : 1100\u20ac <\/p>\n\n\n\n<p class=\"has-text-align-center\"><strong>____<\/strong><\/p>\n\n\n\n<p class=\"has-text-align-center\"><strong>Vin d&rsquo;honneur&nbsp;<\/strong><\/p>\n\n\n\n<p class=\"has-text-align-center\">3 chanteurs + pianiste : 1700\u20ac <\/p>\n\n\n\n<p class=\"has-text-align-center\"><strong>____<\/strong><\/p>\n\n\n\n<div class=\"wp-block-group is-nowrap is-layout-flex wp-container-core-group-is-layout-6c531013 wp-block-group-is-layout-flex\">\n<p><strong>Compl\u00e8te (vin d&rsquo;honneur + c\u00e9r\u00e9monie)&nbsp;<\/strong><\/p>\n<\/div>\n\n\n\n<p class=\"has-text-align-center\">3 chanteurs + pianiste :&nbsp;2200\u20ac <\/p>\n\n\n\n<p><em>Nos tarifs comprennent :<\/em><\/p>\n\n\n\n<ul class=\"wp-block-list\">\n<li><em>la location du mat\u00e9riel de sonorisation (enceinte, microphones, table de mixage) qui vous permettra d&rsquo;appr\u00e9cier pleinement nos interventions en int\u00e9rieur comme en ext\u00e9rieur<\/em><\/li>\n\n\n\n<li><em>les frais de d\u00e9placement<\/em> en \u00cele de France. <em>Pour toutes demandes hors IDF merci de nous envoyer un message via le formulaire en nous indiquant le lieu.<\/em><\/li>\n\n\n\n<li><em>la r\u00e9mun\u00e9ration des chanteurs et musiciens professionnels.<\/em><\/li>\n<\/ul>\n\n\n\n<p><\/p>\n","protected":false},"excerpt":{"rendered":"<p>C\u00e9r\u00e9monie&nbsp; 2 chanteurs + pianiste : 900\u20ac 3 chanteurs + pianiste : 1100\u20ac ____ Vin d&rsquo;honneur&nbsp; 3 chanteurs + pianiste : 1700\u20ac ____ Compl\u00e8te (vin d&rsquo;honneur + c\u00e9r\u00e9monie)&nbsp; 3 chanteurs + pianiste :&nbsp;2200\u20ac Nos tarifs comprennent :<\/p>\n","protected":false},"author":1,"featured_media":0,"parent":0,"menu_order":0,"comment_status":"closed","ping_status":"closed","template":"","meta":{"saved_in_kubio":false,"footnotes":""},"class_list":["post-31","page","type-page","status-publish","hentry"],"kubio_ai_page_context":{"short_desc":"","purpose":"general"},"_links":{"self":[{"href":"http:\/\/www.gospel-dipjoy.fr\/index.php?rest_route=\/wp\/v2\/pages\/31","targetHints":{"allow":["GET"]}}],"collection":[{"href":"http:\/\/www.gospel-dipjoy.fr\/index.php?rest_route=\/wp\/v2\/pages"}],"about":[{"href":"http:\/\/www.gospel-dipjoy.fr\/index.php?rest_route=\/wp\/v2\/types\/page"}],"author":[{"embeddable":true,"href":"http:\/\/www.gospel-dipjoy.fr\/index.php?rest_route=\/wp\/v2\/users\/1"}],"replies":[{"embeddable":true,"href":"http:\/\/www.gospel-dipjoy.fr\/index.php?rest_route=%2Fwp%2Fv2%2Fcomments&post=31"}],"version-history":[{"count":3,"href":"http:\/\/www.gospel-dipjoy.fr\/index.php?rest_route=\/wp\/v2\/pages\/31\/revisions"}],"predecessor-version":[{"id":44,"href":"http:\/\/www.gospel-dipjoy.fr\/index.php?rest_route=\/wp\/v2\/pages\/31\/revisions\/44"}],"wp:attachment":[{"href":"http:\/\/www.gospel-dipjoy.fr\/index.php?rest_route=%2Fwp%2Fv2%2Fmedia&parent=31"}],"curies":[{"name":"wp","href":"https:\/\/api.w.org\/{rel}","templated":true}]}}